{"id":87,"date":"2015-04-09T11:37:09","date_gmt":"2015-04-09T09:37:09","guid":{"rendered":"http:\/\/http-wordpress-kunsttheorie.uni-ak.ac.at\/wordpress:8888\/?page_id=87"},"modified":"2026-03-06T16:21:45","modified_gmt":"2026-03-06T15:21:45","slug":"sprechstunden","status":"publish","type":"page","link":"https:\/\/kunsttheorie.uni-ak.ac.at\/wordpress\/sprechstunden\/","title":{"rendered":"Sprechstunden"},"content":{"rendered":"<p>Univ.-Prof. Jakob Schillinger PhD,<br \/>nach pers\u00f6nlicher Vereinbarung<br \/><a href=\"mailto:jakob.schillinger@uni-ak.ac.at\">jakob.schillinger@uni-ak.ac.at<\/a><\/p>\n<p>Sen.Sc. Mag. art. Dr. phil. Anna Spohn,<br \/>nach pers\u00f6nlicher Vereinbarung<br \/><a href=\"mailto:anna.spohn@uni-ak.ac.at\">anna.spohn@uni-ak.ac.at<\/a><\/p>\n<p>Sen.Sc. Alexi Kukuljevic PhD,<br \/>nach pers\u00f6nlicher Vereinbarung<br \/><a href=\"mailto:alexi.kukuljevic@uni-ak.ac.at\"><span style=\"text-decoration: underline;\">alexi.kukuljevic@uni-ak.ac.at<\/span><\/a><\/p>\n<p>Univ.-Lekt. Dr. phil. Helmut Draxler,<br \/>nach pers\u00f6nlicher Vereinbarung<br \/><a href=\"mailto:helmut.draxler@uni-ak.ac.at\">helmut.draxler@uni-ak.ac.at<\/a><\/p>\n\n\n<p><\/p>\n","protected":false},"excerpt":{"rendered":"<p>Univ.-Prof. Jakob Schillinger PhD,nach pers\u00f6nlicher Vereinbarungjakob.schillinger@uni-ak.ac.at Sen.Sc. Mag. art. Dr. phil. Anna Spohn,nach pers\u00f6nlicher Vereinbarunganna.spohn@uni-ak.ac.at Sen.Sc. Alexi Kukuljevic PhD,nach pers\u00f6nlicher Vereinbarungalexi.kukuljevic@uni-ak.ac.at Univ.-Lekt. Dr. phil. Helmut Draxler,nach pers\u00f6nlicher Vereinbarunghelmut.draxler@uni-ak.ac.at<\/p>\n","protected":false},"author":1,"featured_media":0,"parent":0,"menu_order":0,"comment_status":"open","ping_status":"closed","template":"page-sprechstunden.php","meta":{"footnotes":""},"class_list":["post-87","page","type-page","status-publish","hentry"],"_links":{"self":[{"href":"https:\/\/kunsttheorie.uni-ak.ac.at\/wordpress\/wp-json\/wp\/v2\/pages\/87","targetHints":{"allow":["GET"]}}],"collection":[{"href":"https:\/\/kunsttheorie.uni-ak.ac.at\/wordpress\/wp-json\/wp\/v2\/pages"}],"about":[{"href":"https:\/\/kunsttheorie.uni-ak.ac.at\/wordpress\/wp-json\/wp\/v2\/types\/page"}],"author":[{"embeddable":true,"href":"https:\/\/kunsttheorie.uni-ak.ac.at\/wordpress\/wp-json\/wp\/v2\/users\/1"}],"replies":[{"embeddable":true,"href":"https:\/\/kunsttheorie.uni-ak.ac.at\/wordpress\/wp-json\/wp\/v2\/comments?post=87"}],"version-history":[{"count":15,"href":"https:\/\/kunsttheorie.uni-ak.ac.at\/wordpress\/wp-json\/wp\/v2\/pages\/87\/revisions"}],"predecessor-version":[{"id":4014,"href":"https:\/\/kunsttheorie.uni-ak.ac.at\/wordpress\/wp-json\/wp\/v2\/pages\/87\/revisions\/4014"}],"wp:attachment":[{"href":"https:\/\/kunsttheorie.uni-ak.ac.at\/wordpress\/wp-json\/wp\/v2\/media?parent=87"}],"curies":[{"name":"wp","href":"https:\/\/api.w.org\/{rel}","templated":true}]}}