{"id":588,"date":"2015-06-24T20:39:15","date_gmt":"2015-06-24T18:39:15","guid":{"rendered":"http:\/\/http-wordpress-kunsttheorie.uni-ak.ac.at\/?page_id=588"},"modified":"2015-09-09T14:23:44","modified_gmt":"2015-09-09T12:23:44","slug":"impressum","status":"publish","type":"page","link":"https:\/\/kunsttheorie.uni-ak.ac.at\/wordpress\/impressum\/","title":{"rendered":"Impressum"},"content":{"rendered":"<p>Haftung und Copyright:<\/p>\n<p>S\u00e4mtliche Texte auf der Homepage der Abteilung Kunsttheorie der Universit\u00e4t f\u00fcr angewandte Kunst Wien wurden sorgf\u00e4ltig gepr\u00fcft. Dessen ungeachtet kann keine Garantie f\u00fcr die Richtigkeit, Vollst\u00e4ndigkeit und Aktualit\u00e4t der Angaben \u00fcbernommen werden. Eine Haftung der Universit\u00e4t f\u00fcr angewandte Kunst Wien wird daher ausgeschlossen. Die Links zu anderen Webseiten wurden sorgf\u00e4ltig ausgew\u00e4hlt. Da die Universit\u00e4t f\u00fcr angewandte Kunst Wien auf deren Inhalt keinen Einfluss hat, \u00fcbernimmt die Universit\u00e4t f\u00fcr angewandte Kunst Wien daf\u00fcr keine Verantwortung. F\u00fcr den Inhalt der verlinkten Webseiten ist ausschlie\u00dflich der jeweilige Anbieter verantwortlich.<\/p>\n<p>Das Copyright liegt bei der Universit\u00e4t f\u00fcr angewandte Kunst Wien\/Abteilung Kunsttheorie bzw. den jeweiligen AutorInnen und K\u00fcnstlerInnen.<\/p>\n<p>Die Erstellung, die Verwendung und die nicht kommerzielle Weitergabe von Kopien in elektronischer oder ausgedruckter Form sind erlaubt, wenn der Inhalt unver\u00e4ndert bleibt und die Quelle angegeben wird<br \/>\n(Quelle: Universit\u00e4t f\u00fcr angewandte Kunst Wien).<\/p>\n<p>Inhalt: <a href=\"mailto:kunsttheorie@uni-ak.ac.at\">Abteilung Kunsttheorie<\/a><\/p>\n<p>Webdesign und Umsetzung:<br \/>\nLena Gold und Jonas Bohatsch<\/p>\n<p>Hintergrund: <a href=\"http:\/\/www.kevs3d.co.uk\" target=\"_blank\">Kevin Roast<\/a><\/p>\n","protected":false},"excerpt":{"rendered":"<p>Haftung und Copyright: S\u00e4mtliche Texte auf der Homepage der Abteilung Kunsttheorie der Universit\u00e4t f\u00fcr angewandte Kunst Wien wurden sorgf\u00e4ltig gepr\u00fcft. Dessen ungeachtet kann keine Garantie f\u00fcr die Richtigkeit, Vollst\u00e4ndigkeit und Aktualit\u00e4t der Angaben \u00fcbernommen werden. Eine Haftung der Universit\u00e4t f\u00fcr angewandte Kunst Wien wird daher ausgeschlossen. Die Links zu anderen Webseiten wurden sorgf\u00e4ltig ausgew\u00e4hlt. Da&#8230;  <a class=\"excerpt-read-more\" href=\"https:\/\/kunsttheorie.uni-ak.ac.at\/wordpress\/impressum\/\" title=\"Read Impressum\">Weiter &raquo;<\/a><\/p>\n","protected":false},"author":1,"featured_media":0,"parent":0,"menu_order":0,"comment_status":"open","ping_status":"closed","template":"page-profil.php","meta":{"footnotes":""},"class_list":["post-588","page","type-page","status-publish","hentry"],"_links":{"self":[{"href":"https:\/\/kunsttheorie.uni-ak.ac.at\/wordpress\/wp-json\/wp\/v2\/pages\/588","targetHints":{"allow":["GET"]}}],"collection":[{"href":"https:\/\/kunsttheorie.uni-ak.ac.at\/wordpress\/wp-json\/wp\/v2\/pages"}],"about":[{"href":"https:\/\/kunsttheorie.uni-ak.ac.at\/wordpress\/wp-json\/wp\/v2\/types\/page"}],"author":[{"embeddable":true,"href":"https:\/\/kunsttheorie.uni-ak.ac.at\/wordpress\/wp-json\/wp\/v2\/users\/1"}],"replies":[{"embeddable":true,"href":"https:\/\/kunsttheorie.uni-ak.ac.at\/wordpress\/wp-json\/wp\/v2\/comments?post=588"}],"version-history":[{"count":2,"href":"https:\/\/kunsttheorie.uni-ak.ac.at\/wordpress\/wp-json\/wp\/v2\/pages\/588\/revisions"}],"predecessor-version":[{"id":744,"href":"https:\/\/kunsttheorie.uni-ak.ac.at\/wordpress\/wp-json\/wp\/v2\/pages\/588\/revisions\/744"}],"wp:attachment":[{"href":"https:\/\/kunsttheorie.uni-ak.ac.at\/wordpress\/wp-json\/wp\/v2\/media?parent=588"}],"curies":[{"name":"wp","href":"https:\/\/api.w.org\/{rel}","templated":true}]}}