{"id":109,"date":"2015-04-21T11:21:23","date_gmt":"2015-04-21T09:21:23","guid":{"rendered":"http:\/\/http-wordpress-kunsttheorie.uni-ak.ac.at\/wordpress:8888\/?page_id=109"},"modified":"2025-11-03T14:17:05","modified_gmt":"2025-11-03T13:17:05","slug":"profil","status":"publish","type":"page","link":"https:\/\/kunsttheorie.uni-ak.ac.at\/wordpress\/profil\/","title":{"rendered":"Profil"},"content":{"rendered":"\n<p>Die Kernaufgabe der Kunsttheorie besteht in der Analyse der Strukturen und Gesetzm\u00e4\u00dfigkeiten sowie der gesellschaftlichen, \u00f6konomischen, medialen, technologischen und \u00f6kologischen Bedingungen und Funktionen von Kunst und ihren Diskursen. Auf dem Spiel steht dabei eine kritische Analyse der Gegenwart, die die Kontingenz ihrer Ordnung und die M\u00f6glichkeiten ihrer Transformation herausarbeitet. Als gegen\u00fcber der philosophischen \u00c4sthetik eigenst\u00e4ndige Disziplin geht die Kunsttheorie von Kunst als einem von anderen \u00e4sthetischen und insbesondere von popul\u00e4rkulturellen Formen unterschiedenen Gegenstandsbereich aus. Diese Unterscheidungen begreift sie aber nicht als selbstverst\u00e4ndliche oder gar wesenhafte; vielmehr bilden solche Unterscheidungen in ihren spezifischen, historisch variablen Artikulationen selbst einen der zentralen Gegenst\u00e4nde der Kunsttheorie.<\/p>\n\n\n\n<p>Die Lehre der Kunsttheorie an der Angewandten richtet sich gleicherma\u00dfen an Studierende in wissenschaftlichen wie in k\u00fcnstlerischen Studieng\u00e4ngen. Sie soll ein systematisches, historisches und vor allem kritisches Verst\u00e4ndnis zentraler Kategorien der Kunst und wirkm\u00e4chtiger Theorietraditionen nahebringen. Ziel ist dabei nicht die Vermittlung eines Kanons, sondern die Auseinandersetzung mit und die gemeinsame kritische Arbeit an Begriffen und Theoriemodellen. Die Kunsttheorie soll so Ans\u00e4tze bieten, gegenw\u00e4rtige kulturelle Entwicklungen \u2013 und die Situierung der eigenen k\u00fcnstlerischen, wissenschaftlichen oder kunstkritischen Praxis darin \u2013 zu erfassen und zu reflektieren.<\/p>\n\n\n\n<p><\/p>\n","protected":false},"excerpt":{"rendered":"<p>Die Kernaufgabe der Kunsttheorie besteht in der Analyse der Strukturen und Gesetzm\u00e4\u00dfigkeiten sowie der gesellschaftlichen, \u00f6konomischen, medialen, technologischen und \u00f6kologischen Bedingungen und Funktionen von Kunst und ihren Diskursen. Auf dem Spiel steht dabei eine kritische Analyse der Gegenwart, die die Kontingenz ihrer Ordnung und die M\u00f6glichkeiten ihrer Transformation herausarbeitet. Als gegen\u00fcber der philosophischen \u00c4sthetik eigenst\u00e4ndige&#8230;  <a class=\"excerpt-read-more\" href=\"https:\/\/kunsttheorie.uni-ak.ac.at\/wordpress\/profil\/\" title=\"Read Profil\">Weiter &raquo;<\/a><\/p>\n","protected":false},"author":1,"featured_media":0,"parent":0,"menu_order":0,"comment_status":"open","ping_status":"closed","template":"page-profil.php","meta":{"footnotes":""},"class_list":["post-109","page","type-page","status-publish","hentry"],"_links":{"self":[{"href":"https:\/\/kunsttheorie.uni-ak.ac.at\/wordpress\/wp-json\/wp\/v2\/pages\/109","targetHints":{"allow":["GET"]}}],"collection":[{"href":"https:\/\/kunsttheorie.uni-ak.ac.at\/wordpress\/wp-json\/wp\/v2\/pages"}],"about":[{"href":"https:\/\/kunsttheorie.uni-ak.ac.at\/wordpress\/wp-json\/wp\/v2\/types\/page"}],"author":[{"embeddable":true,"href":"https:\/\/kunsttheorie.uni-ak.ac.at\/wordpress\/wp-json\/wp\/v2\/users\/1"}],"replies":[{"embeddable":true,"href":"https:\/\/kunsttheorie.uni-ak.ac.at\/wordpress\/wp-json\/wp\/v2\/comments?post=109"}],"version-history":[{"count":8,"href":"https:\/\/kunsttheorie.uni-ak.ac.at\/wordpress\/wp-json\/wp\/v2\/pages\/109\/revisions"}],"predecessor-version":[{"id":3897,"href":"https:\/\/kunsttheorie.uni-ak.ac.at\/wordpress\/wp-json\/wp\/v2\/pages\/109\/revisions\/3897"}],"wp:attachment":[{"href":"https:\/\/kunsttheorie.uni-ak.ac.at\/wordpress\/wp-json\/wp\/v2\/media?parent=109"}],"curies":[{"name":"wp","href":"https:\/\/api.w.org\/{rel}","templated":true}]}}